{"id":3167,"date":"2018-03-23T08:34:43","date_gmt":"2018-03-23T07:34:43","guid":{"rendered":"https:\/\/www.golden-bettinakrist.de\/cms\/?page_id=3167"},"modified":"2018-05-08T11:01:38","modified_gmt":"2018-05-08T09:01:38","slug":"impressum","status":"publish","type":"page","link":"https:\/\/www.golden-bettinakrist.de\/cms\/impressum\/","title":{"rendered":"Impressum"},"content":{"rendered":"\n<style type=\"text\/css\" data-created_by=\"avia_inline_auto\" id=\"style-css-av-87pfgv-07895d61f590fb2e29cd3d2e99ee5982\">\n.flex_column.av-87pfgv-07895d61f590fb2e29cd3d2e99ee5982{\nborder-radius:0px 0px 0px 0px;\npadding:0px 0px 0px 0px;\n}\n<\/style>\n<div  class='flex_column av-87pfgv-07895d61f590fb2e29cd3d2e99ee5982 av_one_full  avia-builder-el-0  avia-builder-el-no-sibling  first flex_column_div av-zero-column-padding  '     ><p>\n<style type=\"text\/css\" data-created_by=\"avia_inline_auto\" id=\"style-css-av-av_heading-78cbfceb036dfce28445c96024afb234\">\n#top .av-special-heading.av-av_heading-78cbfceb036dfce28445c96024afb234{\npadding-bottom:10px;\n}\nbody .av-special-heading.av-av_heading-78cbfceb036dfce28445c96024afb234 .av-special-heading-tag .heading-char{\nfont-size:25px;\n}\n.av-special-heading.av-av_heading-78cbfceb036dfce28445c96024afb234 .av-subheading{\nfont-size:15px;\n}\n<\/style>\n<div  class='av-special-heading av-av_heading-78cbfceb036dfce28445c96024afb234 av-special-heading-h2 blockquote modern-quote modern-centered  avia-builder-el-1  el_before_av_hr  avia-builder-el-first '><h2 class='av-special-heading-tag '  itemprop=\"headline\"  >Impressum<\/h2><div class=\"special-heading-border\"><div class=\"special-heading-inner-border\"><\/div><\/div><\/div><br \/>\n\n<style type=\"text\/css\" data-created_by=\"avia_inline_auto\" id=\"style-css-av-3zfti7-6f640362fedebed8a08c1a0de33ef7c1\">\n#top .hr.hr-invisible.av-3zfti7-6f640362fedebed8a08c1a0de33ef7c1{\nheight:50px;\n}\n<\/style>\n<div  class='hr av-3zfti7-6f640362fedebed8a08c1a0de33ef7c1 hr-invisible  avia-builder-el-2  el_after_av_heading  el_before_av_textblock '><span class='hr-inner '><span class=\"hr-inner-style\"><\/span><\/span><\/div><br \/>\n<section  class='av_textblock_section av-9354v-7f3ae53dbf87cb5014a7ab6f453f7e24 '   itemscope=\"itemscope\" itemtype=\"https:\/\/schema.org\/CreativeWork\" ><div class='avia_textblock'  itemprop=\"text\" ><p>Verantwortlich f\u00fcr den Inhalt dieser Seite gem\u00e4\u00df \u00a75 TMG:<\/p>\n<p>Bettina Krist<\/p>\n<p>Tauchaer Stra\u00dfe 396<\/p>\n<p>04349 Leipzig<\/p>\n<p>Telefon:\u00a0\u00a0 0341\/58098770<\/p>\n<p>Mobil:\u00a0\u00a0\u00a0\u00a0\u00a0 0160\/96424044<\/p>\n<p>Email:\u00a0\u00a0\u00a0\u00a0 b.krist@golden-bettinakrist.de<\/p>\n<p>www.golden-bettinakrist.de<\/p>\n<p>Umsatzsteuer-Identifikationsnummer ist beantragt<\/p>\n<p>Fotos: Bettina Krist, Tina Sch\u00e4fer, Petra Tischner, Ingrid Heinisch sowie privat<\/p>\n<p>Alle Fotos auf dieser Webseite sind urheberrechtlich gesch\u00fctzt. Eine Weiterverwendung ist ohne vorherige Genehmigung nicht gestattet. Alle Rechte vorbehalten.<\/p>\n<p>Design &amp; Umsetzung<br \/>\n\u00a9 2018 <a href=\"https:\/\/www.fotoandweb.de\/\" target=\"_blank\" rel=\"noopener noreferrer\">Foto and Web<\/a><\/p>\n<p>Haftung f\u00fcr Inhalte<br \/>\nDie Inhalte unserer Seiten wurden mit gr\u00f6\u00dfter Sorgfalt erstellt. F\u00fcr die Richtigkeit, Vollst\u00e4ndigkeit und Aktualit\u00e4t der Inhalte k\u00f6nnen wir jedoch keine Gew\u00e4hr \u00fcbernehmen. Als Diensteanbieter sind wir gem\u00e4\u00df \u00a7 7 Abs.1 TMG f\u00fcr eigene Inhalte auf diesen Seiten nach den allgemeinen Gesetzen verantwortlich. Nach \u00a7\u00a7 8 bis 10 TMG sind wir als Diensteanbieter jedoch nicht verpflichtet, \u00fcbermittelte oder gespeicherte fremde Informationen zu \u00fcberwachen oder nach Umst\u00e4nden zu forschen, die auf eine rechtswidrige T\u00e4tigkeit hinweisen. Verpflichtungen zur Entfernung oder Sperrung der Nutzung von Informationen nach den allgemeinen Gesetzen bleiben hiervon unber\u00fchrt. Eine diesbez\u00fcgliche Haftung ist jedoch erst ab dem Zeitpunkt der Kenntnis einer konkreten Rechtsverletzung m\u00f6glich. Bei Bekanntwerden von entsprechenden Rechtsverletzungen werden wir diese Inhalte umgehend entfernen.<\/p>\n<p>Haftung f\u00fcr Links<br \/>\nUnser Angebot enth\u00e4lt Links zu externen Webseiten Dritter, auf deren Inhalte wir keinen Einfluss haben. Deshalb k\u00f6nnen wir f\u00fcr diese fremden Inhalte auch keine Gew\u00e4hr \u00fcbernehmen. F\u00fcr die Inhalte der verlinkten Seiten ist stets der jeweilige Anbieter oder Betreiber der Seiten verantwortlich. Die verlinkten Seiten wurden zum Zeitpunkt der Verlinkung auf m\u00f6gliche Rechtsverst\u00f6\u00dfe \u00fcberpr\u00fcft. Rechtswidrige Inhalte waren zum Zeitpunkt der Verlinkung nicht erkennbar. Eine permanente inhaltliche Kontrolle der verlinkten Seiten ist jedoch ohne konkrete Anhaltspunkte einer Rechtsverletzung nicht zumutbar. Bei Bekanntwerden von Rechtsverletzungen werden wir derartige Links umgehend entfernen.<\/p>\n<p>Urheberrecht<br \/>\nDie durch die Seitenbetreiber erstellten Inhalte und Werke auf diesen Seiten unterliegen dem deutschen Urheberrecht. Beitr\u00e4ge Dritter sind als solche gekennzeichnet. Die Vervielf\u00e4ltigung, Bearbeitung, Verbreitung und jede Art der Verwertung au\u00dferhalb der Grenzen des Urheberrechtes bed\u00fcrfen der schriftlichen Zustimmung des jeweiligen Autors bzw. Erstellers. Downloads und Kopien dieser Seite sind nur f\u00fcr den privaten, nicht kommerziellen Gebrauch gestattet. Die Betreiber der Seiten sind bem\u00fcht, stets die Urheberrechte anderer zu beachten bzw. auf selbst erstellte sowie lizenzfreie Werke zur\u00fcckzugreifen.<\/p>\n<p>Quelle: Disclaimer von eRecht24, dem Portal zum Internetrecht von Rechtsanwalt S\u00f6ren Siebert.<\/p>\n<\/div><\/section><\/p><\/div>\n","protected":false},"excerpt":{"rendered":"","protected":false},"author":1,"featured_media":0,"parent":0,"menu_order":0,"comment_status":"closed","ping_status":"closed","template":"","meta":{"footnotes":""},"class_list":["post-3167","page","type-page","status-publish","hentry"],"_links":{"self":[{"href":"https:\/\/www.golden-bettinakrist.de\/cms\/wp-json\/wp\/v2\/pages\/3167","targetHints":{"allow":["GET"]}}],"collection":[{"href":"https:\/\/www.golden-bettinakrist.de\/cms\/wp-json\/wp\/v2\/pages"}],"about":[{"href":"https:\/\/www.golden-bettinakrist.de\/cms\/wp-json\/wp\/v2\/types\/page"}],"author":[{"embeddable":true,"href":"https:\/\/www.golden-bettinakrist.de\/cms\/wp-json\/wp\/v2\/users\/1"}],"replies":[{"embeddable":true,"href":"https:\/\/www.golden-bettinakrist.de\/cms\/wp-json\/wp\/v2\/comments?post=3167"}],"version-history":[{"count":3,"href":"https:\/\/www.golden-bettinakrist.de\/cms\/wp-json\/wp\/v2\/pages\/3167\/revisions"}],"predecessor-version":[{"id":3203,"href":"https:\/\/www.golden-bettinakrist.de\/cms\/wp-json\/wp\/v2\/pages\/3167\/revisions\/3203"}],"wp:attachment":[{"href":"https:\/\/www.golden-bettinakrist.de\/cms\/wp-json\/wp\/v2\/media?parent=3167"}],"curies":[{"name":"wp","href":"https:\/\/api.w.org\/{rel}","templated":true}]}}